{"id":9,"date":"2021-06-28T19:29:17","date_gmt":"2021-06-28T19:29:17","guid":{"rendered":"https:\/\/blog.nitteknalogik.net\/about-us\/"},"modified":"2025-01-10T13:13:44","modified_gmt":"2025-01-10T13:13:44","slug":"about-us","status":"publish","type":"page","link":"https:\/\/blog.nitteknalogik.net\/es\/about-us\/","title":{"rendered":"Quienes somos"},"content":{"rendered":"\n<h2 class=\"wp-block-heading\">Tejiendo redes en torno a las tecnolog\u00edas libres, el arte y la emprendedur\u00eda social<\/h2>\n\n\n\n<p>Somos una red de organizaciones (Karibu, el banquete, Tsamina Wa Kongo, Eva Garc\u00eda V\u00e1zquez, Bonlieu\u2019Tech) que colabora con<a href=\"https:\/\/senegalnumeriquesa.sn\/projets\/e-d%C3%A9chets\"> S\u00e9n\u00e9gal Num\u00e9rique<\/a>, y es <strong>coordinada<\/strong> por <strong>Carolina Garc\u00eda Cata\u00f1o<\/strong>, que cree en el trabajo colaborativo y el compartir como motor de desarrollo local. Pretendemos promover el pensamiento cr\u00edtico y empoderar a aquellas personas que quieran construir un futuro mejor, a trav\u00e9s de las tecnolog\u00edas libres, la econom\u00eda social y solidaria y el arte.<\/p>\n\n\n\n<p>Utilizamos tecnolog\u00edas libres, que garantizan el acceso al c\u00f3digo fuente, lo que permite profundizar en el conocimiento t\u00e9cnico, promover el desarrollo tecnol\u00f3gico y la innovaci\u00f3n, y ofrecer un modelo econ\u00f3mico que favorece la autonom\u00eda t\u00e9cnica, esencial para una soberan\u00eda tecnol\u00f3gica que promueva el desarrollo local.<\/p>\n\n\n\n<p>Nos interesa introducir las artes vivas y esc\u00e9nicas en los procesos de reflexi\u00f3n y debate en torno a la tecnolog\u00eda, fomentando un enfoque hol\u00edstico de los proyectos sociales con el fin de crear una alianza entre la tecnolog\u00eda, las artes y la ciencia.<\/p>\n\n\n\n<p>Trabajamos juntos en nuevos proyectos pero tambi\u00e9n nos gusta acompa\u00f1ar las iniciativas existentes, ya que pensamos que la innovaci\u00f3n no consiste en empezar siempre de cero con una idea nueva sino en hacer realidad nuestros sue\u00f1os.<\/p>\n\n\n\n<p>Creemos en el cosmolocalismo, la cultura como derecho universal y en las alternativas creadas desde &#8220;los de abajo&#8221;. La diversidad es una necesidad y no hay una visi\u00f3n \u00fanica verdadera, por lo que esperamos ser enriquecidos por otros y ponemos en cuestionamiento  nuestros principios de manera recurrente,  para as\u00ed seguir avanzando.<\/p>\n\n\n\n<h2 class=\"wp-block-heading\">Carolina Garc\u00eda Cata\u00f1o<\/h2>\n\n\n\n<h4 class=\"wp-block-heading\">Coordinadora<\/h4>\n\n\n\n<hr class=\"wp-block-separator has-css-opacity\"\/>\n\n\n\n<figure class=\"wp-block-gallery alignleft has-nested-images columns-default is-cropped wp-block-gallery-1 is-layout-flex wp-block-gallery-is-layout-flex\">\n<figure class=\"wp-block-image size-medium\"><img loading=\"lazy\" decoding=\"async\" width=\"269\" height=\"300\" data-id=\"269\" src=\"https:\/\/blog.nitteknalogik.net\/wp-content\/uploads\/2022\/01\/womensStrike-269x300.png\" alt=\"\" class=\"wp-image-269\" srcset=\"https:\/\/blog.nitteknalogik.net\/wp-content\/uploads\/2022\/01\/womensStrike-269x300.png 269w, https:\/\/blog.nitteknalogik.net\/wp-content\/uploads\/2022\/01\/womensStrike-919x1024.png 919w, https:\/\/blog.nitteknalogik.net\/wp-content\/uploads\/2022\/01\/womensStrike-768x856.png 768w, https:\/\/blog.nitteknalogik.net\/wp-content\/uploads\/2022\/01\/womensStrike-1378x1536.png 1378w, https:\/\/blog.nitteknalogik.net\/wp-content\/uploads\/2022\/01\/womensStrike.png 1590w\" sizes=\"auto, (max-width: 269px) 100vw, 269px\" \/><\/figure>\n<\/figure>\n\n\n\n<p>Carolina Garc\u00eda Cata\u00f1o ha trabajado en el campo de la tecnolog\u00eda durante m\u00e1s de 20 a\u00f1os, como defensora del software libre y promotora de la comunidad del software libre en Espa\u00f1a, es fundadora del hacklab wh2001 en Madrid y ha participado en la organizaci\u00f3n de varios hackmeetings.<\/p>\n\n\n\n<p>En 2005, fund\u00f3 <a href=\"http:\/\/www.dabne.net\">Dabne<\/a>, una cooperativa de mujeres que trabaja con software libre haciendo desarrollo y consultor\u00eda para ONG, organizaciones sociales e instituciones culturales, donde desempe\u00f1\u00f3 el papel de desarrolladora web, que evolucion\u00f3 hacia la gesti\u00f3n de proyectos.<\/p>\n\n\n\n<p>Ha sido coordinadora t\u00e9cnica del proyecto europeo GRUNDTVIG llamado ELBA en 2010 para la<a href=\"https:\/\/blog.nitteknalogik.net\/wp-content\/uploads\/2022\/03\/diapos_elbaDEF2.pdf\"> creaci\u00f3n de un libro electr\u00f3nico<\/a> y del proyecto europeo LEONARDO <a href=\"https:\/\/blog.nitteknalogik.net\/wp-content\/uploads\/2022\/03\/DEAN_Madrid_presentation_mayo_2010.pdf\">DEAN<\/a>(2011) para la <a href=\"https:\/\/blog.nitteknalogik.net\/wp-content\/uploads\/2022\/03\/digital_library_DEF2.pdf\">creaci\u00f3n una biblioteca digital<\/a>, ambos proyectos coordinados por <a href=\"http:\/\/www.aldesoc.org\">Aldesoc<\/a>.<\/p>\n\n\n\n<p>En 2012 se traslad\u00f3 a Berl\u00edn para aprender m\u00e1s sobre lo \u00faltimo en tecnolog\u00eda, los nuevos frameworks de desarrollo web y las metodolog\u00edas \u00e1giles. En Berl\u00edn, tambi\u00e9n tuvo la oportunidad de trabajar con grupo de mujeres refugiadas autoorganizadas <a href=\"http:\/\/www.women-in-exile.net\">Women in Exile,<\/a> como gestora de proyectos, comunicaci\u00f3n online y recaudaci\u00f3n de fondos en l\u00ednea.<\/p>\n\n\n\n<p>Desde febrero de 2020, coordina el proyecto Weesuwul, un programa de empoderamiento de mujeres a trav\u00e9s de las tecnolog\u00edas libres en Dakar, y desarrolla junto con las mujeres locales,  un centro de formaci\u00f3n para mujeres y una cooperativa de pasteler\u00eda, con el objetivo de que el centro de formaci\u00f3n sea sostenible.<\/p>\n\n\n\n<p>En 2021 crea en Senegal, <a href=\"https:\/\/blog.nitteknalogik.net\/es\">Nit Tekna Logik<\/a>  como dispositivo de red para promover proyectos de innovaci\u00f3n en la intersecci\u00f3n de<strong> Tecnolog\u00eda + Arte + Ciencia<\/strong>, donde ha dirigido los siguientes proyectos: <a href=\"http:\/\/weesuwul.nitteknalogik.net\/es\/\">&#8220;Weesuwul: empoderamiento de mujeres a trav\u00e9s de las tecnolog\u00edas libres<\/a>&#8220;, &#8220;<a href=\"https:\/\/blog.nitteknalogik.net\/es\/la-deuxieme-edition-de-la-formation-pour-le-renforcement-de-capacites-numeriques-et-de-gestion-de-projets-pour-les-artistes-et-les-acteurs-culturels-avril-2023\/\">Formaci\u00f3n en gestion de proyectos y comunicaci\u00f3n digital<\/a>&#8220;, y tambi\u00e9n est\u00e1 desarrollando el proyecto &#8220;<a href=\"https:\/\/blog.nitteknalogik.net\/es\/category\/thinking-technology\/\">Pensando la tecnolog\u00eda<\/a>&#8220;, que consiste en una serie de talleres con metodolog\u00edas art\u00edsticas organizados en torno a tres ejes: &#8220;le corps et la technologie&#8221;, &#8220;le techno-colonialisme&#8221; y &#8220;les imaginaires des futurs&#8221;.<\/p>\n\n\n\n<p>Ha <a href=\"https:\/\/blog.nitteknalogik.net\/es\/category\/publications\">escrito numerosos art\u00edculos y contribuido a varios libros<\/a> con su visi\u00f3n futurista del impacto social de la tecnolog\u00eda.<\/p>\n\n\n\n<p><\/p>\n\n\n\n<p><em>&#8220;En el caos, encontramos la harmon\u00eda&#8221;<\/em><\/p>\n","protected":false},"excerpt":{"rendered":"<p>Tejiendo redes en torno a las tecnolog\u00edas libres, el arte y la emprendedur\u00eda social Somos una red de organizaciones (Karibu, el banquete, Tsamina Wa Kongo, Eva Garc\u00eda V\u00e1zquez, Bonlieu\u2019Tech) que colabora con S\u00e9n\u00e9gal Num\u00e9rique, y es coordinada por Carolina Garc\u00eda Cata\u00f1o, que cree en el trabajo colaborativo y el compartir como motor de desarrollo local. Pretendemos promover el pensamiento cr\u00edtico [&hellip;]<\/p>\n","protected":false},"author":1,"featured_media":0,"parent":0,"menu_order":0,"comment_status":"closed","ping_status":"closed","template":"","meta":{"footnotes":""},"class_list":["post-9","page","type-page","status-publish","hentry"],"translation":{"provider":"WPGlobus","version":"3.0.1","language":"es","enabled_languages":["fr","en","es"],"languages":{"fr":{"title":true,"content":true,"excerpt":false},"en":{"title":true,"content":true,"excerpt":false},"es":{"title":true,"content":true,"excerpt":false}}},"jetpack_sharing_enabled":true,"_links":{"self":[{"href":"https:\/\/blog.nitteknalogik.net\/es\/wp-json\/wp\/v2\/pages\/9","targetHints":{"allow":["GET"]}}],"collection":[{"href":"https:\/\/blog.nitteknalogik.net\/es\/wp-json\/wp\/v2\/pages"}],"about":[{"href":"https:\/\/blog.nitteknalogik.net\/es\/wp-json\/wp\/v2\/types\/page"}],"author":[{"embeddable":true,"href":"https:\/\/blog.nitteknalogik.net\/es\/wp-json\/wp\/v2\/users\/1"}],"replies":[{"embeddable":true,"href":"https:\/\/blog.nitteknalogik.net\/es\/wp-json\/wp\/v2\/comments?post=9"}],"version-history":[{"count":10,"href":"https:\/\/blog.nitteknalogik.net\/es\/wp-json\/wp\/v2\/pages\/9\/revisions"}],"predecessor-version":[{"id":1937,"href":"https:\/\/blog.nitteknalogik.net\/es\/wp-json\/wp\/v2\/pages\/9\/revisions\/1937"}],"wp:attachment":[{"href":"https:\/\/blog.nitteknalogik.net\/es\/wp-json\/wp\/v2\/media?parent=9"}],"curies":[{"name":"wp","href":"https:\/\/api.w.org\/{rel}","templated":true}]}}